{"id":531,"date":"2023-11-09T10:54:05","date_gmt":"2023-11-09T10:54:05","guid":{"rendered":"https:\/\/goodchannel11.com\/product\/goodchannel-stick-pro\/"},"modified":"2024-02-01T17:25:34","modified_gmt":"2024-02-01T17:25:34","slug":"goodchannel-stick-pro","status":"publish","type":"product","link":"https:\/\/goodchannel11.com\/pt-pt\/produto\/goodchannel-stick-pro\/","title":{"rendered":"GoodChannel Stick Pro PT"},"content":{"rendered":"<div class=\"fusion-fullwidth fullwidth-box fusion-builder-row-1 fusion-flex-container has-pattern-background has-mask-background nonhundred-percent-fullwidth non-hundred-percent-height-scrolling\" style=\"--awb-border-radius-top-left:0px;--awb-border-radius-top-right:0px;--awb-border-radius-bottom-right:0px;--awb-border-radius-bottom-left:0px;--awb-padding-right:0px;--awb-padding-left:0px;--awb-flex-wrap:wrap;\" ><div class=\"fusion-builder-row fusion-row fusion-flex-align-items-flex-start fusion-flex-content-wrap\" style=\"max-width:1248px;margin-left: calc(-4% \/ 2 );margin-right: calc(-4% \/ 2 );\"><div class=\"fusion-layout-column fusion_builder_column fusion-builder-column-0 fusion_builder_column_1_1 1_1 fusion-flex-column\" style=\"--awb-bg-size:cover;--awb-width-large:100%;--awb-margin-top-large:0px;--awb-spacing-right-large:1.92%;--awb-margin-bottom-large:0px;--awb-spacing-left-large:1.92%;--awb-width-medium:100%;--awb-spacing-right-medium:1.92%;--awb-spacing-left-medium:1.92%;--awb-width-small:100%;--awb-spacing-right-small:1.92%;--awb-spacing-left-small:1.92%;\"><div class=\"fusion-column-wrapper fusion-flex-justify-content-flex-start fusion-content-layout-column\"><div class=\"fusion-text fusion-text-1\"><p><strong>Por que optar pelo pacote GoodChannel Stick Pro:<\/strong><\/p>\n<ul>\n<li>Conveni\u00eancia Plug &amp; Play: mergulhe facilmente nos seus programas e filmes favoritos com a nossa configura\u00e7\u00e3o f\u00e1cil de usar.<\/li>\n<li>Pr\u00e9-configurado para uso sem esfor\u00e7o: Sem configura\u00e7\u00e3o complicada \u2013 os nossos sticks v\u00eam pr\u00e9-configurados para uma experi\u00eancia perfeita.<\/li>\n<li>Entretenimento pronto para viagem: leve o seu entretenimento para qualquer lugar. O GoodChannel Stick Pro \u00e9 compacto e f\u00e1cil para usar em viagens.<\/li>\n<li>Qualidade 4K envolvente: desfrute de imagens impressionantes com suporte de qualidade 4K para uma experi\u00eancia de visualiza\u00e7\u00e3o aprimorada.<\/li>\n<li>Op\u00e7\u00f5es multil\u00ed l\u00ednguas: personalize a sua experi\u00eancia de visualiza\u00e7\u00e3o escolhendo entre v\u00e1rios idiomas.<\/li>\n<li>Entrega r\u00e1pida e gratuita: aproveite a r\u00e1pida e gratuita para uma entrega segura e pontual.<\/li>\n<li>Assinatura de TV de 1 ano inclu\u00edda: mergulhe em um ano de conte\u00fado diversificado com a assinatura de TV inclu\u00edda.<\/li>\n<li>Recurso Multi-Tela: Assista aos seus programas favoritos simultaneamente em v\u00e1rias telas para maior comodidade.<\/li>\n<li>Capacidade de grava\u00e7\u00e3o de programas: nunca perca um momento \u2013 grave facilmente os seus programas preferidos para visualiza\u00e7\u00e3o posterior.<\/li>\n<\/ul>\n<\/div><\/div><\/div><\/div><\/div>\n","protected":false},"excerpt":{"rendered":"<p><strong>O que est\u00e1 inclu\u00eddo:<\/strong><\/p>\n[fusion_checklist type=\"icons\" icon=\"fusion-prefix-iconsuper8-check\" iconcolor=\"var(--awb-color5)\" hue=\"\" saturation=\"\" lightness=\"\" alpha=\"\" circle=\"no\" circlecolor=\"\" textcolor=\"\" size=\"\" item_padding_top=\"0px\" item_padding_right=\"\" item_padding_bottom=\"\" item_padding_left=\"\" divider=\"\" divider_color=\"\" odd_row_bgcolor=\"\" even_row_bgcolor=\"\" margin_top=\"\" margin_right=\"\" margin_bottom=\"\" margin_left=\"\" hide_on_mobile=\"small-visibility,medium-visibility,large-visibility\" class=\"\" id=\"\"][fusion_li_item]GoodChannel PRO Stick [\/fusion_li_item][fusion_li_item]Controlo Remoto GoodChannel PRO[\/fusion_li_item][fusion_li_item]Cabo USB<br \/>\n[\/fusion_li_item][fusion_li_item]Extensor HDMI [\/fusion_li_item][fusion_li_item]Pre Configura\u00e7\u00e3o[\/fusion_li_item][fusion_li_item]1 ano de subscri\u00e7\u00e3o[\/fusion_li_item][\/fusion_checklist]\n","protected":false},"featured_media":513,"comment_status":"open","ping_status":"closed","template":"","meta":[],"product_brand":[],"product_cat":[59],"product_tag":[],"class_list":{"0":"post-531","1":"product","2":"type-product","3":"status-publish","4":"has-post-thumbnail","6":"product_cat-stick-pro-pt-pt","7":"tm-has-options","9":"first","10":"instock","11":"shipping-taxable","12":"purchasable","13":"product-type-variable-subscription","14":"has-default-attributes"},"_links":{"self":[{"href":"https:\/\/goodchannel11.com\/pt-pt\/wp-json\/wp\/v2\/product\/531","targetHints":{"allow":["GET"]}}],"collection":[{"href":"https:\/\/goodchannel11.com\/pt-pt\/wp-json\/wp\/v2\/product"}],"about":[{"href":"https:\/\/goodchannel11.com\/pt-pt\/wp-json\/wp\/v2\/types\/product"}],"replies":[{"embeddable":true,"href":"https:\/\/goodchannel11.com\/pt-pt\/wp-json\/wp\/v2\/comments?post=531"}],"wp:featuredmedia":[{"embeddable":true,"href":"https:\/\/goodchannel11.com\/pt-pt\/wp-json\/wp\/v2\/media\/513"}],"wp:attachment":[{"href":"https:\/\/goodchannel11.com\/pt-pt\/wp-json\/wp\/v2\/media?parent=531"}],"wp:term":[{"taxonomy":"product_brand","embeddable":true,"href":"https:\/\/goodchannel11.com\/pt-pt\/wp-json\/wp\/v2\/product_brand?post=531"},{"taxonomy":"product_cat","embeddable":true,"href":"https:\/\/goodchannel11.com\/pt-pt\/wp-json\/wp\/v2\/product_cat?post=531"},{"taxonomy":"product_tag","embeddable":true,"href":"https:\/\/goodchannel11.com\/pt-pt\/wp-json\/wp\/v2\/product_tag?post=531"}],"curies":[{"name":"wp","href":"https:\/\/api.w.org\/{rel}","templated":true}]}}